{"id":2,"date":"2025-01-22T14:33:18","date_gmt":"2025-01-22T13:33:18","guid":{"rendered":"http:\/\/www.architech.bplaced.net\/?page_id=2"},"modified":"2025-01-27T15:03:23","modified_gmt":"2025-01-27T14:03:23","slug":"manual","status":"publish","type":"page","link":"http:\/\/www.architech.bplaced.net\/?page_id=2","title":{"rendered":"PRIVACY POLICY"},"content":{"rendered":"<div class=\"lightweight-accordion has-background\"><details><summary class=\"lightweight-accordion-title\" style=\"background:ffff00;\"><h2>\u00a9 COPYRIGHT EN:<\/h2><\/summary><div class=\"lightweight-accordion-body\" style=\"border-color:ffff00;\"><br \/>\n<h2>WHY ARE ERROR REPORTS SENT?<\/h2>\n<p>Solely for purposes of the program improvement, anonymous error reports are sent to the app\u2019s developer of ArchiTech Sketchpad. These efforts are intended to reduce bugs in the future and to improve the usability of the app continuously.<\/p>\n<h2>HOW ARE THE DATA USED?<\/h2>\n<p>The collected data will be kept strictly CONFIDENTIAL, always remain ANONYMOUS and will be FORWARDED UNDER NO CIRCUMSTANCES TO THIRD PARTIES!<\/p>\n<h2>WHAT INFORMATION ARE COLLECTED?<\/h2>\n<p>The reports include information about the nature of the error and its formation (causing classes and functions, stack trace, date and time).<br \/>In addition to the error descriptions there are recognized the equipment model, country, unique identifier of the device, OS, App license and App version.<br \/>There are NO USER-RELATED CONTENT such as e-mails, text messages, web content, content of (ArchiTech or ArchiTech-foreign) documents, media files, (OneDrive) account data, positioning and location data or any other data collected!<\/p>\n<h2>HOW IS THE INFORMATION COLLECTED?<\/h2>\n<p>For the bug report recording and reporting the available services of the device are used. The sending of the information takes place only if an active connection to the Internet is available. The information is only a few kilobytes, and the data connection as well as the data volume of the device will charge as well as not.<\/p>\n<h2>HOW ARE THE DATA PROTECTED?<\/h2>\n<p>The captured data is protected to the best of its knowledge and belief against loss, destruction, access, modification and disclosure. However, the app developer is not liable for the unauthorized access, destruction, and corruption of data.<br \/>If you do not agree with this statement, you should refrain from the use of this app.<\/p>\n<h2>\u00a7 DISCLAIMER OF WARRANTY:<\/h2>\n<p>All content of this Software is protected by copyright and may only be utilized with express permission of the author.<br \/>The Software is provided \u201eAS IS\u201c and \u201eWITH ALL FAULTS,\u201c without warranty of any kind, including without limitation the warranties of merchantability, fitness for a particular purpose and non-infringement.<\/p>\n<p>The Licensor makes no warranty that the Software is free of defects or is suitable for any particular purpose. In no event shall the Licensor be responsible for loss or damages arising from the installation or use of the Software, including but not limited to any indirect, punitive, special, incidental or consequential damages of any character including, without limitation, damages for loss of goodwill, work stoppage, computer failure or malfunction, or any and all other commercial damages or losses. The entire risk as to the quality and performance of the Software is borne by you. Should the Software prove defective, you and not the Licensor assume the entire cost of any service and repair.<\/p>\n<\/div><\/details><\/div>\n<div class=\"lightweight-accordion has-background\"><details open><summary class=\"lightweight-accordion-title\" style=\"background:ffff00;\"><h2>\u00a9 COPYRIGHT DE:<\/h2><\/summary><div class=\"lightweight-accordion-body\" style=\"border-color:ffff00;\"><h2>WARUM WERDEN FEHLERBERICHTE GESENDET?<\/h2>\n<p>Zu Zwecken, die ausschlie\u00dflich der Programmverbesserung dienen, werden anonyme Fehlerberichte von der App an den Entwickler von ArchiTech gesendet. Diese Bem\u00fchungen sollen Programmfehler in Zukunft reduzieren und die Benutzbarkeit der App stetig verbessern.<\/p>\n<h2>WIE WERDEN DIE DATEN VERWENDET?<\/h2>\n<p>Die erfassten Daten werden streng VERTRAULICH BEHANDELT, bleiben stets ANONYM und werden UNTER KEINEN UMST\u00c4NDEN AN DRITTE PARTEIEN WEITERGELEITET!<\/p>\n<h2>WELCHE INFORMATIONEN WERDEN ERFASST?<\/h2>\n<p>Die gesendeten Berichte umfassen Angaben zur Art des Fehlers und dessen Entstehung (verursachende Programmcodeklassen und Funktionen, StackTrace, Datum und Uhrzeit).<\/p>\n<p>Neben den Fehlerbeschreibungen werden zum Beispiel Ger\u00e4temodell, Land, eindeutige Kennung des Ger\u00e4ts, Betriebssystem, App-Lizenz und App-Version erfasst.<\/p>\n<p>Es werden KEINE BENUTZERBEZOGENEN INHALTE wie zum Beispiel E-Mails, SMS, Suchinhalte, Inhalte von (ArchiTech- oder ArchiTech-fremden) Dokumenten, Mediendateien, (OneDrive) Account Daten Positionsbestimmungs- und Standortdaten oder andere Daten erfasst!<\/p>\n<h2>WIE WERDEN DIE INFORMATIONEN ERFASST?<\/h2>\n<p>F\u00fcr die Fehlerberichterfassung und \u00dcbermittlung werden die verf\u00fcgbaren Dienste des Ger\u00e4ts verwendet. Das Senden der Informationen findet nur dann statt, wenn eine aktive Verbindung mit dem Internet besteht. Die Informationen betragen nur wenige Kilobyte und werden die Datenverbindung sowie das Datenvolumen des Ger\u00e4ts so gut wie nicht belasten.<\/p>\n<h2>WIE WERDEN DIE DATEN GESCH\u00dcTZT?<\/h2>\n<p>Die erfassten Daten werden nach bestem Wissen und Gewissen gegen Verlust, Zerst\u00f6rung, Zugriff, Ver\u00e4nderung und Verbreitung gesch\u00fctzt. Der App Entwickler \u00fcbernimmt jedoch keine Haftung f\u00fcr den unbefugten Zugriff, die Zerst\u00f6rung und Besch\u00e4digung von Daten.<\/p>\n<p>Wenn Sie mit dieser Erkl\u00e4rung nicht einverstanden sind, sollen Sie vom Gebrauch von dieser App Abstand nehmen.<\/p>\n<h2>HAFTUNGSAUSSCHLUSS:<\/h2>\n<p>Alle Inhalte dieser Software sind urheberrechtlich gesch\u00fctzt und d\u00fcrfen nur unter ausdr\u00fccklicher Genehmigung des Autors wiederverwendet werden.<br \/>Diese Software wurde mit gr\u00f6\u00dfter Sorgfalt entwickelt, jedoch k\u00f6nnen Fehler niemals ausgeschlossen werden. Es kann daher keine Gew\u00e4hr f\u00fcr die Sicherheit Ihrer Daten \u00fcbernommen werden.<\/p>\n<p>Die Software und Ihre Dokumentation wird \u201ewie sie ist\u201c und ohne jede Gew\u00e4hrleistung f\u00fcr Funktion, Korrektheit oder Fehlerfreiheit zur Verf\u00fcgung gestellt.<\/p>\n<p>F\u00fcr jedweden direkten oder indirekten Schaden \u2013 insbesondere Schaden an anderer Software, Schaden an Hardware, Schaden durch Nutzungsausfall und Schaden durch Funktionsunt\u00fcchtigkeit der Software, kann der Autor nicht haftbar gemacht werden. Ausschlie\u00dflich der Benutzer haftet f\u00fcr die Folgen der Benutzung dieser Software.<\/p>\n<\/div><\/details><\/div>\n","protected":false},"excerpt":{"rendered":"","protected":false},"author":1,"featured_media":0,"parent":0,"menu_order":0,"comment_status":"closed","ping_status":"closed","template":"","meta":{"footnotes":""},"class_list":["post-2","page","type-page","status-publish","hentry"],"_links":{"self":[{"href":"http:\/\/www.architech.bplaced.net\/index.php?rest_route=\/wp\/v2\/pages\/2","targetHints":{"allow":["GET"]}}],"collection":[{"href":"http:\/\/www.architech.bplaced.net\/index.php?rest_route=\/wp\/v2\/pages"}],"about":[{"href":"http:\/\/www.architech.bplaced.net\/index.php?rest_route=\/wp\/v2\/types\/page"}],"author":[{"embeddable":true,"href":"http:\/\/www.architech.bplaced.net\/index.php?rest_route=\/wp\/v2\/users\/1"}],"replies":[{"embeddable":true,"href":"http:\/\/www.architech.bplaced.net\/index.php?rest_route=%2Fwp%2Fv2%2Fcomments&post=2"}],"version-history":[{"count":25,"href":"http:\/\/www.architech.bplaced.net\/index.php?rest_route=\/wp\/v2\/pages\/2\/revisions"}],"predecessor-version":[{"id":117,"href":"http:\/\/www.architech.bplaced.net\/index.php?rest_route=\/wp\/v2\/pages\/2\/revisions\/117"}],"wp:attachment":[{"href":"http:\/\/www.architech.bplaced.net\/index.php?rest_route=%2Fwp%2Fv2%2Fmedia&parent=2"}],"curies":[{"name":"wp","href":"https:\/\/api.w.org\/{rel}","templated":true}]}}